{"id":1566,"date":"2022-03-18T12:24:48","date_gmt":"2022-03-18T11:24:48","guid":{"rendered":"https:\/\/tillgrens-rent-a-car.com\/condiciones-de-alquiler\/"},"modified":"2026-01-19T20:34:09","modified_gmt":"2026-01-19T19:34:09","slug":"condiciones-de-alquiler","status":"publish","type":"page","link":"https:\/\/tillgrens-rent-a-car.com\/es\/condiciones-de-alquiler\/","title":{"rendered":"Condiciones de alquiler"},"content":{"rendered":"\t\t<div data-elementor-type=\"wp-page\" data-elementor-id=\"1566\" class=\"elementor elementor-1566 elementor-194\" data-elementor-post-type=\"page\">\n\t\t\t\t\t\t<section class=\"elementor-section elementor-top-section elementor-element elementor-element-47acec7 elementor-section-boxed elementor-section-height-default elementor-section-height-default\" data-id=\"47acec7\" data-element_type=\"section\" data-e-type=\"section\">\n\t\t\t\t\t\t<div class=\"elementor-container elementor-column-gap-default\">\n\t\t\t\t\t<div class=\"elementor-column elementor-col-100 elementor-top-column elementor-element elementor-element-28556ba\" data-id=\"28556ba\" data-element_type=\"column\" data-e-type=\"column\">\n\t\t\t<div class=\"elementor-widget-wrap elementor-element-populated\">\n\t\t\t\t\t\t<div class=\"elementor-element elementor-element-25c3669 elementor-widget elementor-widget-heading\" data-id=\"25c3669\" data-element_type=\"widget\" data-e-type=\"widget\" data-widget_type=\"heading.default\">\n\t\t\t\t\t<h1 class=\"elementor-heading-title elementor-size-default\">Nuestras condiciones de alquiler<\/h1>\t\t\t\t<\/div>\n\t\t\t\t\t<\/div>\n\t\t<\/div>\n\t\t\t\t\t<\/div>\n\t\t<\/section>\n\t\t\t\t<section class=\"elementor-section elementor-top-section elementor-element elementor-element-96abfdc elementor-section-content-middle elementor-section-boxed elementor-section-height-default elementor-section-height-default\" data-id=\"96abfdc\" data-element_type=\"section\" data-e-type=\"section\">\n\t\t\t\t\t\t<div class=\"elementor-container elementor-column-gap-no\">\n\t\t\t\t\t<div class=\"elementor-column elementor-col-100 elementor-top-column elementor-element elementor-element-0d1e3da\" data-id=\"0d1e3da\" data-element_type=\"column\" data-e-type=\"column\">\n\t\t\t<div class=\"elementor-widget-wrap elementor-element-populated\">\n\t\t\t\t\t\t<div class=\"elementor-element elementor-element-ba77584 elementor-widget elementor-widget-heading\" data-id=\"ba77584\" data-element_type=\"widget\" data-e-type=\"widget\" data-widget_type=\"heading.default\">\n\t\t\t\t\t<h2 class=\"elementor-heading-title elementor-size-default\">Cuidado<\/h2>\t\t\t\t<\/div>\n\t\t\t\t<section class=\"elementor-section elementor-inner-section elementor-element elementor-element-c9298b9 elementor-section-content-top elementor-section-boxed elementor-section-height-default elementor-section-height-default\" data-id=\"c9298b9\" data-element_type=\"section\" data-e-type=\"section\">\n\t\t\t\t\t\t<div class=\"elementor-container elementor-column-gap-no\">\n\t\t\t\t\t<div class=\"elementor-column elementor-col-100 elementor-inner-column elementor-element elementor-element-24d984a\" data-id=\"24d984a\" data-element_type=\"column\" data-e-type=\"column\">\n\t\t\t<div class=\"elementor-widget-wrap elementor-element-populated\">\n\t\t\t\t\t\t<div class=\"elementor-element elementor-element-bb1827f elementor-widget elementor-widget-text-editor\" data-id=\"bb1827f\" data-element_type=\"widget\" data-e-type=\"widget\" data-widget_type=\"text-editor.default\">\n\t\t\t\t\t\t\t\t\tEl arrendatario deber\u00e1 cuidar el veh\u00edculo y su equipamiento durante el periodo de alquiler y no podr\u00e1 realizar ninguna modificaci\u00f3n en el mismo. El arrendatario est\u00e1 obligado a seguir las instrucciones del arrendador en cuanto al mantenimiento del veh\u00edculo. Se debe seguir el nivel de refrigerante, aceite y presi\u00f3n de los anillos seg\u00fan el manual de instrucciones que se encuentra en el veh\u00edculo. El arrendador tiene derecho a cobrar al arrendatario todos los costes imputables a errores de manipulaci\u00f3n. Durante el per\u00edodo de alquiler, el arrendador tiene derecho a inspeccionar el veh\u00edculo si sospecha que se est\u00e1 poniendo en riesgo su propiedad o que hay una reducci\u00f3n de su valor. El veh\u00edculo no se puede conducir fuera de la carretera ni sobrecargarlo. Los animales s\u00f3lo podr\u00e1n estar en el veh\u00edculo si as\u00ed se acuerda, se a\u00f1ade un suplemento por animal de al menos 20 EUR. Aplica prohibici\u00f3n de fumar El inquilino deber\u00e1 estacionar en un lugar a salvo de vandalismo. El arrendatario no queda exento de responsabilidad por los costes de reparaci\u00f3n incurridos, p. descuidos, veh\u00edculo cargado sin cuidado, asientos manchados, detalles interiores rotos, repostaje incorrecto o similares. Si el veh\u00edculo se descuida al devolverlo o se ensucia m\u00e1s all\u00e1 del uso normal, tenemos derecho a cobrar un costo razonable por la restauraci\u00f3n del veh\u00edculo.\t\t\t\t\t\t\t\t<\/div>\n\t\t\t\t\t<\/div>\n\t\t<\/div>\n\t\t\t\t\t<\/div>\n\t\t<\/section>\n\t\t\t\t\t<\/div>\n\t\t<\/div>\n\t\t\t\t\t<\/div>\n\t\t<\/section>\n\t\t\t\t<section class=\"elementor-section elementor-top-section elementor-element elementor-element-150f4e99 elementor-section-content-middle elementor-section-boxed elementor-section-height-default elementor-section-height-default\" data-id=\"150f4e99\" data-element_type=\"section\" data-e-type=\"section\">\n\t\t\t\t\t\t<div class=\"elementor-container elementor-column-gap-no\">\n\t\t\t\t\t<div class=\"elementor-column elementor-col-100 elementor-top-column elementor-element elementor-element-116e760d\" data-id=\"116e760d\" data-element_type=\"column\" data-e-type=\"column\">\n\t\t\t<div class=\"elementor-widget-wrap elementor-element-populated\">\n\t\t\t\t\t\t<section class=\"elementor-section elementor-inner-section elementor-element elementor-element-2d749f33 elementor-section-content-top elementor-section-boxed elementor-section-height-default elementor-section-height-default\" data-id=\"2d749f33\" data-element_type=\"section\" data-e-type=\"section\">\n\t\t\t\t\t\t<div class=\"elementor-container elementor-column-gap-no\">\n\t\t\t\t\t<div class=\"elementor-column elementor-col-50 elementor-inner-column elementor-element elementor-element-1fccd980\" data-id=\"1fccd980\" data-element_type=\"column\" data-e-type=\"column\">\n\t\t\t<div class=\"elementor-widget-wrap elementor-element-populated\">\n\t\t\t\t\t\t<div class=\"elementor-element elementor-element-538fbc29 elementor-widget elementor-widget-heading\" data-id=\"538fbc29\" data-element_type=\"widget\" data-e-type=\"widget\" data-widget_type=\"heading.default\">\n\t\t\t\t\t<h3 class=\"elementor-heading-title elementor-size-default\">1. Uso del veh\u00edculo<\/h3>\t\t\t\t<\/div>\n\t\t\t\t<div class=\"elementor-element elementor-element-35dc579a elementor-widget elementor-widget-text-editor\" data-id=\"35dc579a\" data-element_type=\"widget\" data-e-type=\"widget\" data-widget_type=\"text-editor.default\">\n\t\t\t\t\t\t\t\t\t<p>El veh\u00edculo se recoge y se deja en el lugar de alquiler. El veh\u00edculo s\u00f3lo podr\u00e1 ser utilizado para un uso normal dentro de Espa\u00f1a por parte del arrendatario. Debe poder presentarse una copia del contrato de alquiler cuando lo solicite un agente de polic\u00eda, un funcionario de aduanas u otra persona que represente los intereses del arrendador. El arrendatario es consciente de que su derecho a disponer del veh\u00edculo seg\u00fan el contrato de alquiler finaliza inmediatamente si alguien intenta sacar el veh\u00edculo fuera de Espa\u00f1a. Un polic\u00eda, funcionario de aduanas u otra persona que represente al arrendador tiene derecho a disponer y retener el veh\u00edculo. El arrendatario se hace cargo de todos los gastos en que pueda incurrir el arrendador si el arrendatario o su sustituto sacaron ilegalmente el veh\u00edculo fuera de Espa\u00f1a. El arrendatario no tiene derecho a ceder el contrato de alquiler ni alquilar el veh\u00edculo a otra persona. El arrendatario es responsable de garantizar que la persona que conduce el veh\u00edculo tenga una autorizaci\u00f3n v\u00e1lida para conducir el veh\u00edculo. El veh\u00edculo no podr\u00e1 utilizarse para pr\u00e1cticas de conducci\u00f3n, competici\u00f3n, remolque o asistencia al arranque. El veh\u00edculo tampoco podr\u00e1 utilizarse para el transporte de personas o mercanc\u00edas previa indemnizaci\u00f3n. El arrendatario es responsable de asegurarse de que tiene conocimientos suficientes del veh\u00edculo para poder conducirlo y mantenerlo en buenas condiciones. El veh\u00edculo se recoge y se devuelve con el dep\u00f3sito lleno de combustible. \u00a1Combustible no incluido! Si el veh\u00edculo se devuelve sin haber repostado, le cobraremos una tarifa de 25 EUR adem\u00e1s del precio del surtidor. Si se superan las millas gratis, se a\u00f1ade una tarifa de 2 EUR\/km<\/p>\n\t\t\t\t\t\t\t\t<\/div>\n\t\t\t\t\t<\/div>\n\t\t<\/div>\n\t\t\t\t<div class=\"elementor-column elementor-col-50 elementor-inner-column elementor-element elementor-element-4189344\" data-id=\"4189344\" data-element_type=\"column\" data-e-type=\"column\">\n\t\t\t<div class=\"elementor-widget-wrap elementor-element-populated\">\n\t\t\t\t\t\t<div class=\"elementor-element elementor-element-b6e7bea elementor-widget elementor-widget-heading\" data-id=\"b6e7bea\" data-element_type=\"widget\" data-e-type=\"widget\" data-widget_type=\"heading.default\">\n\t\t\t\t\t<h3 class=\"elementor-heading-title elementor-size-default\">2. Pago<\/h3>\t\t\t\t<\/div>\n\t\t\t\t<div class=\"elementor-element elementor-element-c17c548 elementor-widget elementor-widget-text-editor\" data-id=\"c17c548\" data-element_type=\"widget\" data-e-type=\"widget\" data-widget_type=\"text-editor.default\">\n\t\t\t\t\t\t\t\t\t<p>El alquiler estimado deber\u00e1 pagarse por adelantado salvo que se indique lo contrario en el contrato, no se necesita dep\u00f3sito ni se a\u00f1aden costes extra. Si el arrendatario desea alquilar el veh\u00edculo por m\u00e1s d\u00edas de los que rige el contrato de alquiler, deber\u00e1 comunic\u00e1rselo al arrendador sin demora. Los t\u00e9rminos del contrato de alquiler se aplican durante todo el per\u00edodo de alquiler, incluso si se prorroga verbalmente. Al facturar, el arrendador tiene derecho a cobrar una tarifa de facturaci\u00f3n. En caso de impago, se a\u00f1aden una tarifa de recordatorio, intereses y posiblemente otros gastos de cobro. En casos especiales, tambi\u00e9n se pueden cobrar los costes de solicitud a la autoridad encargada de hacer cumplir la ley y los costes administrativos en caso de impago. Cualquier cambio que se produzca se ajusta al regreso. Esto no se aplica a cuestiones de seguros.<\/p>\n\t\t\t\t\t\t\t\t<\/div>\n\t\t\t\t\t<\/div>\n\t\t<\/div>\n\t\t\t\t\t<\/div>\n\t\t<\/section>\n\t\t\t\t<section class=\"elementor-section elementor-inner-section elementor-element elementor-element-569f571 elementor-section-content-top elementor-section-boxed elementor-section-height-default elementor-section-height-default\" data-id=\"569f571\" data-element_type=\"section\" data-e-type=\"section\">\n\t\t\t\t\t\t<div class=\"elementor-container elementor-column-gap-no\">\n\t\t\t\t\t<div class=\"elementor-column elementor-col-50 elementor-inner-column elementor-element elementor-element-e09994b\" data-id=\"e09994b\" data-element_type=\"column\" data-e-type=\"column\">\n\t\t\t<div class=\"elementor-widget-wrap elementor-element-populated\">\n\t\t\t\t\t\t<div class=\"elementor-element elementor-element-c4e960e elementor-widget elementor-widget-heading\" data-id=\"c4e960e\" data-element_type=\"widget\" data-e-type=\"widget\" data-widget_type=\"heading.default\">\n\t\t\t\t\t<h3 class=\"elementor-heading-title elementor-size-default\">3. Control del cliente<\/h3>\t\t\t\t<\/div>\n\t\t\t\t<div class=\"elementor-element elementor-element-4759b2c elementor-widget elementor-widget-text-editor\" data-id=\"4759b2c\" data-element_type=\"widget\" data-e-type=\"widget\" data-widget_type=\"text-editor.default\">\n\t\t\t\t\t\t\t\t\t<p>Se deber\u00e1 presentar licencia de conducir homologada al momento de la entrega del veh\u00edculo, se tomar\u00e1 copia de la licencia de conducir. Si el arrendador siente que algo m\u00e1s le resulta sospechoso, puede negarle al cliente el alquiler del veh\u00edculo.<\/p>\n\t\t\t\t\t\t\t\t<\/div>\n\t\t\t\t\t<\/div>\n\t\t<\/div>\n\t\t\t\t<div class=\"elementor-column elementor-col-50 elementor-inner-column elementor-element elementor-element-6f34f3d\" data-id=\"6f34f3d\" data-element_type=\"column\" data-e-type=\"column\">\n\t\t\t<div class=\"elementor-widget-wrap elementor-element-populated\">\n\t\t\t\t\t\t<div class=\"elementor-element elementor-element-9cc8336 elementor-widget elementor-widget-heading\" data-id=\"9cc8336\" data-element_type=\"widget\" data-e-type=\"widget\" data-widget_type=\"heading.default\">\n\t\t\t\t\t<h3 class=\"elementor-heading-title elementor-size-default\">4. Infracciones de tr\u00e1fico<\/h3>\t\t\t\t<\/div>\n\t\t\t\t<div class=\"elementor-element elementor-element-605e632 elementor-widget elementor-widget-text-editor\" data-id=\"605e632\" data-element_type=\"widget\" data-e-type=\"widget\" data-widget_type=\"text-editor.default\">\n\t\t\t\t\t\t\t\t\tEl arrendatario es responsable de cualquier multa, tasa de inspecci\u00f3n u otros cargos adicionales que surjan durante el periodo de alquiler. Por ejemplo, si no se paga una multa de aparcamiento y posteriormente se env\u00eda un recordatorio al arrendador, se cobrar\u00e1 una tasa administrativa de 100 EUR por infracci\u00f3n. En caso de multas por exceso de velocidad, se a\u00f1adir\u00e1 una tasa de 300 EUR a la multa. No se aplica franquicia si no hay culpa; si la hay, la franquicia es de 350 EUR.\t\t\t\t\t\t\t\t<\/div>\n\t\t\t\t\t<\/div>\n\t\t<\/div>\n\t\t\t\t\t<\/div>\n\t\t<\/section>\n\t\t\t\t<section class=\"elementor-section elementor-inner-section elementor-element elementor-element-98c3485 elementor-section-content-top elementor-section-boxed elementor-section-height-default elementor-section-height-default\" data-id=\"98c3485\" data-element_type=\"section\" data-e-type=\"section\">\n\t\t\t\t\t\t<div class=\"elementor-container elementor-column-gap-no\">\n\t\t\t\t\t<div class=\"elementor-column elementor-col-50 elementor-inner-column elementor-element elementor-element-63c87f1\" data-id=\"63c87f1\" data-element_type=\"column\" data-e-type=\"column\">\n\t\t\t<div class=\"elementor-widget-wrap elementor-element-populated\">\n\t\t\t\t\t\t<div class=\"elementor-element elementor-element-da36f44 elementor-widget elementor-widget-heading\" data-id=\"da36f44\" data-element_type=\"widget\" data-e-type=\"widget\" data-widget_type=\"heading.default\">\n\t\t\t\t\t<h3 class=\"elementor-heading-title elementor-size-default\">5. Medidas en caso de error, robo u otros defectos<\/h3>\t\t\t\t<\/div>\n\t\t\t\t<div class=\"elementor-element elementor-element-3a9bdd0 elementor-widget elementor-widget-text-editor\" data-id=\"3a9bdd0\" data-element_type=\"widget\" data-e-type=\"widget\" data-widget_type=\"text-editor.default\">\n\t\t\t\t\t\t\t\t\tEl arrendatario deber\u00e1 notificar inmediatamente al arrendador cualquier da\u00f1o u otro defecto que se produzca en el veh\u00edculo durante el periodo de alquiler. Esto tambi\u00e9n aplica en caso de robo. El arrendador deber\u00e1 notificar al arrendatario las medidas que se deben tomar.\t\t\t\t\t\t\t\t<\/div>\n\t\t\t\t\t<\/div>\n\t\t<\/div>\n\t\t\t\t<div class=\"elementor-column elementor-col-50 elementor-inner-column elementor-element elementor-element-2e31d19\" data-id=\"2e31d19\" data-element_type=\"column\" data-e-type=\"column\">\n\t\t\t<div class=\"elementor-widget-wrap elementor-element-populated\">\n\t\t\t\t\t\t<div class=\"elementor-element elementor-element-ca694fb elementor-widget elementor-widget-heading\" data-id=\"ca694fb\" data-element_type=\"widget\" data-e-type=\"widget\" data-widget_type=\"heading.default\">\n\t\t\t\t\t<h3 class=\"elementor-heading-title elementor-size-default\">6. Responsabilidad en caso de inactividad o da\u00f1os<\/h3>\t\t\t\t<\/div>\n\t\t\t\t<div class=\"elementor-element elementor-element-366ccba elementor-widget elementor-widget-text-editor\" data-id=\"366ccba\" data-element_type=\"widget\" data-e-type=\"widget\" data-widget_type=\"text-editor.default\">\n\t\t\t\t\t\t\t\t\tEl arrendador es responsable de garantizar que el veh\u00edculo se encuentre en condiciones legales y de funcionamiento. Si se produce una aver\u00eda o fallo debido al estado del veh\u00edculo, el arrendatario tiene derecho a una reducci\u00f3n del alquiler o, si es de importancia significativa para \u00e9l, a rescindir el contrato. Sin embargo, el contrato no podr\u00e1 rescindirse si el arrendador, sin demora injustificada tras informar de la aver\u00eda, repara el veh\u00edculo o proporciona un veh\u00edculo de sustituci\u00f3n similar al alquilado. En caso de pinchazo u otra aver\u00eda fuera del alcance del arrendador, el arrendatario es responsable de todos los posibles costes adicionales, como remolque, servicio de neum\u00e1ticos de emergencia y neum\u00e1ticos nuevos. En caso de da\u00f1os importantes causados \u200b\u200bpor el conductor, deber\u00e1 abonarse la franquicia de 350 EUR.\t\t\t\t\t\t\t\t<\/div>\n\t\t\t\t\t<\/div>\n\t\t<\/div>\n\t\t\t\t\t<\/div>\n\t\t<\/section>\n\t\t\t\t<section class=\"elementor-section elementor-inner-section elementor-element elementor-element-c88c0ee elementor-section-content-top elementor-section-boxed elementor-section-height-default elementor-section-height-default\" data-id=\"c88c0ee\" data-element_type=\"section\" data-e-type=\"section\">\n\t\t\t\t\t\t<div class=\"elementor-container elementor-column-gap-no\">\n\t\t\t\t\t<div class=\"elementor-column elementor-col-50 elementor-inner-column elementor-element elementor-element-95fed83\" data-id=\"95fed83\" data-element_type=\"column\" data-e-type=\"column\">\n\t\t\t<div class=\"elementor-widget-wrap elementor-element-populated\">\n\t\t\t\t\t\t<div class=\"elementor-element elementor-element-dc2b0cd elementor-widget elementor-widget-heading\" data-id=\"dc2b0cd\" data-element_type=\"widget\" data-e-type=\"widget\" data-widget_type=\"heading.default\">\n\t\t\t\t\t<h3 class=\"elementor-heading-title elementor-size-default\">7. Cancelaci\u00f3n<\/h3>\t\t\t\t<\/div>\n\t\t\t\t<div class=\"elementor-element elementor-element-775f571 elementor-widget elementor-widget-text-editor\" data-id=\"775f571\" data-element_type=\"widget\" data-e-type=\"widget\" data-widget_type=\"text-editor.default\">\n\t\t\t\t\t\t\t\t\tSi el arrendatario necesita cancelar el alquiler del veh\u00edculo, debe hacerlo con al menos 24 horas de antelaci\u00f3n a la fecha de reserva. Esto tambi\u00e9n aplica si desea reducir la duraci\u00f3n del alquiler. Si la cancelaci\u00f3n no se realiza dentro del plazo indicado, se le cobrar\u00e1 el coste de un d\u00eda por el veh\u00edculo reservado.\t\t\t\t\t\t\t\t<\/div>\n\t\t\t\t\t<\/div>\n\t\t<\/div>\n\t\t\t\t<div class=\"elementor-column elementor-col-50 elementor-inner-column elementor-element elementor-element-f84de9c\" data-id=\"f84de9c\" data-element_type=\"column\" data-e-type=\"column\">\n\t\t\t<div class=\"elementor-widget-wrap elementor-element-populated\">\n\t\t\t\t\t\t<div class=\"elementor-element elementor-element-ba15137 elementor-widget elementor-widget-heading\" data-id=\"ba15137\" data-element_type=\"widget\" data-e-type=\"widget\" data-widget_type=\"heading.default\">\n\t\t\t\t\t<h3 class=\"elementor-heading-title elementor-size-default\">8. Force majeure<\/h3>\t\t\t\t<\/div>\n\t\t\t\t<div class=\"elementor-element elementor-element-4a54423 elementor-widget elementor-widget-text-editor\" data-id=\"4a54423\" data-element_type=\"widget\" data-e-type=\"widget\" data-widget_type=\"text-editor.default\">\n\t\t\t\t\t\t\t\t\tTillgrens Rent A Car no ser\u00e1 responsable de cumplir con sus obligaciones bajo este Acuerdo si dicho cumplimiento se ve impedido por un evento de \"fuerza mayor\", como inundaciones, huracanes, terremotos, actos humanos, guerra, disturbios, huelgas, pandemias, acciones gubernamentales, incendios, explosiones, epidemias, escasez de combustible, disturbios pol\u00edticos u otros eventos inesperados e inevitables fuera del control de Tillgrens Rent A Car.\t\t\t\t\t\t\t\t<\/div>\n\t\t\t\t\t<\/div>\n\t\t<\/div>\n\t\t\t\t\t<\/div>\n\t\t<\/section>\n\t\t\t\t\t<\/div>\n\t\t<\/div>\n\t\t\t\t\t<\/div>\n\t\t<\/section>\n\t\t\t\t<\/div>\n\t\t","protected":false},"excerpt":{"rendered":"<p>Nuestras condiciones de alquiler Cuidado El arrendatario deber\u00e1 cuidar el veh\u00edculo y su equipamiento durante el periodo de alquiler y no podr\u00e1 realizar ninguna modificaci\u00f3n en el mismo. El arrendatario est\u00e1 obligado a seguir las instrucciones del arrendador en cuanto al mantenimiento del veh\u00edculo. Se debe seguir el nivel de refrigerante, aceite y presi\u00f3n de [&hellip;]<\/p>\n","protected":false},"author":1,"featured_media":0,"parent":0,"menu_order":0,"comment_status":"closed","ping_status":"closed","template":"","meta":{"footnotes":""},"class_list":["post-1566","page","type-page","status-publish","hentry"],"_links":{"self":[{"href":"https:\/\/tillgrens-rent-a-car.com\/es\/wp-json\/wp\/v2\/pages\/1566","targetHints":{"allow":["GET"]}}],"collection":[{"href":"https:\/\/tillgrens-rent-a-car.com\/es\/wp-json\/wp\/v2\/pages"}],"about":[{"href":"https:\/\/tillgrens-rent-a-car.com\/es\/wp-json\/wp\/v2\/types\/page"}],"author":[{"embeddable":true,"href":"https:\/\/tillgrens-rent-a-car.com\/es\/wp-json\/wp\/v2\/users\/1"}],"replies":[{"embeddable":true,"href":"https:\/\/tillgrens-rent-a-car.com\/es\/wp-json\/wp\/v2\/comments?post=1566"}],"version-history":[{"count":10,"href":"https:\/\/tillgrens-rent-a-car.com\/es\/wp-json\/wp\/v2\/pages\/1566\/revisions"}],"predecessor-version":[{"id":1622,"href":"https:\/\/tillgrens-rent-a-car.com\/es\/wp-json\/wp\/v2\/pages\/1566\/revisions\/1622"}],"wp:attachment":[{"href":"https:\/\/tillgrens-rent-a-car.com\/es\/wp-json\/wp\/v2\/media?parent=1566"}],"curies":[{"name":"wp","href":"https:\/\/api.w.org\/{rel}","templated":true}]}}